{"id":3,"date":"2022-02-16T12:34:04","date_gmt":"2022-02-16T11:34:04","guid":{"rendered":"https:\/\/elementor.043basis.nl\/?page_id=3"},"modified":"2023-03-13T09:03:49","modified_gmt":"2023-03-13T08:03:49","slug":"privacy-verklaring","status":"publish","type":"page","link":"https:\/\/heliosneo.nl\/pl\/privacy-verklaring\/","title":{"rendered":"O\u015bwiadczenie o ochronie prywatno\u015bci"},"content":{"rendered":"<style>.elementor-3 .elementor-element.elementor-element-464a07f{--display:flex;--flex-direction:row;--container-widget-width:calc( ( 1 - var( --container-widget-flex-grow ) ) * 100% );--container-widget-height:100%;--container-widget-flex-grow:1;--container-widget-align-self:stretch;--flex-wrap-mobile:wrap;--align-items:stretch;--gap:10px 10px;--row-gap:10px;--column-gap:10px;}<\/style>\t\t<div data-elementor-type=\"wp-page\" data-elementor-id=\"3\" class=\"elementor elementor-3\" data-elementor-post-type=\"page\">\n\t\t\t\t<div class=\"elementor-element elementor-element-464a07f e-flex e-con-boxed e-con e-parent\" data-id=\"464a07f\" data-element_type=\"container\" data-e-type=\"container\" data-settings=\"{&quot;jet_parallax_layout_list&quot;:[]}\">\n\t\t\t\t\t<div class=\"e-con-inner\">\n\t\t\t\t<div class=\"elementor-element elementor-element-8a91cf0 elementor-widget elementor-widget-text-editor\" data-id=\"8a91cf0\" data-element_type=\"widget\" data-e-type=\"widget\" data-widget_type=\"text-editor.default\">\n\t\t\t\t<div class=\"elementor-widget-container\">\n\t\t\t\t\t\t\t\t\t\n<h2 class=\"wp-block-heading\">O\u015bwiadczenie o ochronie prywatno\u015bci i plikach cookie Strony internetowe<\/h2>\n<p>W Helios Neo przywi\u0105zujemy du\u017c\u0105 wag\u0119 do prywatno\u015bci u\u017cytkownik\u00f3w naszej strony internetowej. Aby jak najlepiej chroni\u0107 Twoj\u0105 prywatno\u015b\u0107, kierujemy si\u0119 kilkoma podstawowymi warto\u015bciami.<\/p>\n<ul>\n<li><strong>Informowanie:\u00a0<\/strong>Chcemy jak najlepiej poinformowa\u0107 Pa\u0144stwa o tym, w jaki spos\u00f3b i dlaczego przetwarzamy dane osobowe. Robimy to za po\u015brednictwem niniejszej polityki prywatno\u015bci.<\/li>\n<li><strong>Ograniczanie zbioru:\u00a0<\/strong>Dbamy o to, aby gromadzone przez nas dane osobowe ogranicza\u0142y si\u0119 wy\u0142\u0105cznie do tych, kt\u00f3re s\u0105 naprawd\u0119 niezb\u0119dne do prawid\u0142owego funkcjonowania strony internetowej i us\u0142ug, z kt\u00f3rych Pa\u0144stwo korzystaj\u0105.<\/li>\n<li><strong>Brak marketingu opartego na danych osobowych:\u00a0<\/strong>Nie udost\u0119pniamy danych osobowych do cel\u00f3w marketingowych i wysy\u0142amy komercyjne wiadomo\u015bci e-mail wy\u0142\u0105cznie po uzyskaniu wyra\u017anej zgody u\u017cytkownika.<\/li>\n<li><strong>Twoje dane pozostaj\u0105 u nas:\u00a0<\/strong>Nie przekazujemy Pa\u0144stwa danych osobowych innym podmiotom, chyba \u017ce jest to konieczne do \u015bwiadczenia us\u0142ugi lub gdy jeste\u015bmy do tego zobowi\u0105zani na mocy przepis\u00f3w prawa.<\/li>\n<li><strong>Zabezpieczanie:\u00a0<\/strong>Podejmujemy odpowiednie \u015brodki bezpiecze\u0144stwa w celu ochrony danych osobowych u\u017cytkownik\u00f3w i wymagamy tego samego od podmiot\u00f3w przetwarzaj\u0105cych dane osobowe na nasze zlecenie.<\/li>\n<li><strong>Szanujemy Twoje prawa wynikaj\u0105ce z przepis\u00f3w prawa:\u00a0<\/strong>Na mocy ustawy przys\u0142uguj\u0105 Pa\u0144stwu r\u00f3\u017cne prawa. Informujemy o nich w niniejszym o\u015bwiadczeniu o ochronie prywatno\u015bci.<\/li>\n<\/ul>\n<p>W niniejszym o\u015bwiadczeniu o ochronie prywatno\u015bci mo\u017cna przeczyta\u0107, w jaki spos\u00f3b realizujemy te podstawowe warto\u015bci w praktyce oraz szanujemy i chronimy prawo u\u017cytkownik\u00f3w do prywatno\u015bci.<\/p>\n<h2>Do czego wykorzystujemy Twoje dane osobowe?<\/h2>\n<p>W zale\u017cno\u015bci od us\u0142ug oferowanych przez nas za po\u015brednictwem strony internetowej, dane osobowe, kt\u00f3re mo\u017cna poda\u0107 na naszej stronie internetowej, mog\u0105 by\u0107 wykorzystywane do poni\u017cszych cel\u00f3w.<\/p>\n<ul>\n<li><strong>Zarz\u0105dzanie kontem i profilem:\u00a0<\/strong>Je\u015bli zdecydujesz si\u0119 utworzy\u0107 konto, poprosimy Ci\u0119 o podanie kilku danych. S\u0105 to mi\u0119dzy innymi adres e-mail, wybrane przez Ciebie has\u0142o, dane adresowe, p\u0142e\u0107 i data urodzenia. Dane te umo\u017cliwi\u0105 Ci korzystanie z niekt\u00f3rych us\u0142ug na naszej stronie internetowej. Dzi\u0119ki utworzeniu konta nie b\u0119dziesz musia\u0142 za ka\u017cdym razem ponownie wprowadza\u0107 tych danych.<\/li>\n<li><strong>Rejestracja i umawianie wizyt:\u00a0<\/strong>Je\u015bli rejestrujesz si\u0119 na naszej stronie internetowej lub umawiasz si\u0119 na spotkanie, dane podane w odpowiednim formularzu lub serwisie umawiania spotka\u0144 b\u0119d\u0105 wykorzystywane wy\u0142\u0105cznie do zarz\u0105dzania Twoj\u0105 rejestracj\u0105 i um\u00f3wieniem spotkania.<\/li>\n<li><strong>Formularz wywiadu lub (powt\u00f3rnej) recepty:\u00a0<\/strong>Je\u015bli wype\u0142ni Pan\/Pani formularz anamnestyczny na naszej stronie internetowej lub zam\u00f3wi Pan\/Pani (ponowne) leki za pomoc\u0105 formularza, podane przez Pana\/Pani\u0105 dane dadz\u0105 nam og\u00f3lny wgl\u0105d w Pana\/Pani stan zdrowia, stosowane leki, schorzenia i alergie. Informacje te traktujemy jako poufne i wykorzystujemy wy\u0142\u0105cznie w celu zapewnienia Panu\/Pani odpowiedniej opieki.<\/li>\n<li><strong>Wnioski o leki lub powt\u00f3rne recepty:\u00a0<\/strong>Je\u015bli zamawiasz leki za po\u015brednictwem naszej strony internetowej, loguj\u0105c si\u0119 do swojego osobistego konta, uzyskasz wgl\u0105d w sw\u00f3j profil lekowy online, jaki jest nam znany. Nast\u0119pnie mo\u017cesz zam\u00f3wi\u0107 leki i ustawi\u0107 przypomnienia.<\/li>\n<li><strong>eConsult:\u00a0<\/strong>Je\u015bli korzystasz z eConsult, aby zada\u0107 nam pytania, traktujemy podane przez Ciebie dane jako poufne. Aby skorzysta\u0107 z tej us\u0142ugi, musisz zalogowa\u0107 si\u0119 do swojego osobistego konta.<\/li>\n<li><strong>Twoja dokumentacja medyczna:\u00a0<\/strong>W przypadku przekazania nam danych medycznych, mog\u0105 one zosta\u0107 w\u0142\u0105czone do Pa\u0144stwa dokumentacji medycznej. Czynimy to wy\u0142\u0105cznie wtedy, gdy jest to dozwolone przez prawo lub gdy uzyskali\u015bmy Pa\u0144stwa wyra\u017an\u0105 zgod\u0119.<\/li>\n<li><strong>Formularz kontaktowy:\u00a0<\/strong>Je\u015bli masz jakie\u015b pytania, zawsze mo\u017cesz si\u0119 z nami skontaktowa\u0107, wype\u0142niaj\u0105c formularz kontaktowy. Prosimy o podanie swojego imienia i nazwiska oraz danych kontaktowych wraz z opisem pytania. Dane te b\u0119d\u0105 wykorzystywane wy\u0142\u0105cznie w celu udzielenia odpowiedzi na Twoje pytanie oraz poprawy jako\u015bci naszych us\u0142ug.<\/li>\n<li><strong>Zam\u00f3wienie przez stron\u0119 internetow\u0105:\u00a0<\/strong>Dane podane podczas sk\u0142adania zam\u00f3wienia s\u0105 przez nas wykorzystywane do realizacji zam\u00f3wienia. W razie potrzeby dane s\u0105 przekazywane innym podmiotom zaanga\u017cowanym w realizacj\u0119 zam\u00f3wienia, takim jak firma kurierska.<\/li>\n<li><strong>Biuletyn informacyjny:\u00a0<\/strong>Je\u015bli wyra\u017caj\u0105 Pa\u0144stwo zgod\u0119 na otrzymywanie naszego newslettera, wykorzystujemy Pa\u0144stwa adres e-mail i imi\u0119 i nazwisko w celu wysy\u0142ania Pa\u0144stwu newslettera. Wyra\u017con\u0105 wcze\u015bniej zgod\u0119 mo\u017cna w ka\u017cdej chwili wycofa\u0107, na przyk\u0142ad klikaj\u0105c link rezygnacji z subskrypcji, kt\u00f3ry znajduje si\u0119 na dole ka\u017cdej wiadomo\u015bci handlowej.<\/li>\n<li><strong>Poprawa jako\u015bci naszych us\u0142ug:\u00a0<\/strong>Mo\u017cemy wykorzystywa\u0107 Pa\u0144stwa dane w celu poprawy jako\u015bci naszych us\u0142ug. Robimy to jednak tylko wtedy, gdy przekazali nam Pa\u0144stwo dane w tym celu lub wyrazili na to zgod\u0119. Przyk\u0142adem mo\u017ce by\u0107 opinia przes\u0142ana nam za po\u015brednictwem formularza reklamacyjnego lub zgoda na wykorzystanie plik\u00f3w cookie.<\/li>\n<\/ul>\n<p>Nie b\u0119dziemy przetwarza\u0107 Pa\u0144stwa danych osobowych w celach innych ni\u017c wymienione powy\u017cej, chyba \u017ce wyra\u017c\u0105 Pa\u0144stwo na to wcze\u015bniej zgod\u0119 lub b\u0119dziemy do tego uprawnieni lub zobowi\u0105zani na mocy przepis\u00f3w prawa.<\/p>\n<h2>Na jakiej podstawie przetwarzamy Twoje dane osobowe?<\/h2>\n<p>Przetwarzamy Pa\u0144stwa dane osobowe wy\u0142\u0105cznie na podstawie podstawy prawnej. W wy\u017cej wymienionych celach przetwarzamy Pa\u0144stwa dane osobowe na podstawie nast\u0119puj\u0105cych podstaw:<\/p>\n<ul>\n<li><strong>Wykonanie umowy:\u00a0<\/strong>w celach zwi\u0105zanych z oferowaniem naszych us\u0142ug, na przyk\u0142ad w celu realizacji Pa\u0144stwa rejestracji;<\/li>\n<li><strong>(Wyra\u017ana) zgoda:\u00a0<\/strong>w celach zwi\u0105zanych z zapewnieniem dost\u0119pu do naszej strony internetowej i korzystaniem z jej funkcji, umieszczaniem plik\u00f3w cookie, wysy\u0142aniem naszego biuletynu informacyjnego lub przetwarzaniem danych medycznych u\u017cytkownika po uzyskaniu jego (wyra\u017anej) zgody;<\/li>\n<li><strong>Uzasadniony interes:\u00a0<\/strong>w niekt\u00f3rych przypadkach mamy uzasadniony interes w przetwarzaniu Pa\u0144stwa danych osobowych. Dzieje si\u0119 tak na przyk\u0142ad wtedy, gdy u\u017cywamy plik\u00f3w cookie w celu poprawy jako\u015bci naszych us\u0142ug, a nie maj\u0105 one \u017cadnego lub maj\u0105 ograniczony wp\u0142yw na Pa\u0144stwa prywatno\u015b\u0107;<\/li>\n<li><strong>Obowi\u0105zek prawny:\u00a0<\/strong>Mo\u017cemy mie\u0107 podstaw\u0119 prawn\u0105 do przetwarzania danych medycznych i prowadzenia dokumentacji medycznej. Ponadto jeste\u015bmy prawnie zobowi\u0105zani do przechowywania niekt\u00f3rych danych dotycz\u0105cych zam\u00f3wie\u0144 z\u0142o\u017conych w naszym sklepie internetowym.<\/li>\n<\/ul>\n<h2>Jakie dane osobowe s\u0105 nam potrzebne?<\/h2>\n<p>Korzystaj\u0105c z naszej strony internetowej i dost\u0119pnych na niej us\u0142ug, przekazujesz nam pewne dane. Przechowujemy i wykorzystujemy wy\u0142\u0105cznie dane osobowe, kt\u00f3re zosta\u0142y nam przekazane bezpo\u015brednio przez Ciebie lub kt\u00f3re w momencie przekazania zosta\u0142y wyra\u017anie przeznaczone do przetwarzania. W zale\u017cno\u015bci od us\u0142ugi, z kt\u00f3rej korzystasz, mo\u017cemy gromadzi\u0107 nast\u0119puj\u0105ce dane za po\u015brednictwem strony internetowej:<\/p>\n<ul>\n<li>Twoje dane kontaktowe (adres e-mail, numer telefonu);<\/li>\n<li>Twoje imi\u0119 i nazwisko, adres i miejsce zamieszkania;<\/li>\n<li>Dane konta;<\/li>\n<li>Dane ubezpieczenia (nazwa ubezpieczyciela, numer polisy, data rozpocz\u0119cia ubezpieczenia);<\/li>\n<li>Nazwa plac\u00f3wki opieki zdrowotnej lub apteki;<\/li>\n<li>Termin spotkania;<\/li>\n<li>Dane dotycz\u0105ce p\u0142atno\u015bci i adres do faktury;<\/li>\n<li>Dane dotycz\u0105ce Twojego zdrowia;<\/li>\n<li>Numer identyfikacyjny obywatela (BSN);<\/li>\n<li>Klikni\u0119cia i odwiedziny;<\/li>\n<li>Dane urz\u0105dzenia \/ (pseudonimizowany) adres IP.<\/li>\n<\/ul>\n<h2>Dane os\u00f3b poni\u017cej 16 roku \u017cycia<\/h2>\n<p>Nasza strona internetowa i\/lub us\u0142uga nie ma na celu gromadzenia danych o osobach odwiedzaj\u0105cych stron\u0119, kt\u00f3re nie uko\u0144czy\u0142y 16 lat. Nie jeste\u015bmy jednak w stanie sprawdzi\u0107, czy osoba odwiedzaj\u0105ca stron\u0119 ma wi\u0119cej ni\u017c 16 lat. Dlatego zalecamy rodzicom, aby anga\u017cowali si\u0119 w dzia\u0142ania swoich dzieci w Internecie, aby zapobiec gromadzeniu danych o dzieciach bez zgody rodzic\u00f3w. Je\u015bli s\u0105 Pa\u0144stwo przekonani, \u017ce bez tej zgody zgromadzili\u015bmy dane osobowe osoby niepe\u0142noletniej, prosimy o kontakt.<\/p>\n<h2>Przekazywanie danych osobom trzecim<\/h2>\n<p>Pa\u0144stwa dane nie b\u0119d\u0105 przekazywane osobom trzecim, z wyj\u0105tkiem os\u00f3b trzecich bezpo\u015brednio zaanga\u017cowanych w realizacj\u0119 umowy mi\u0119dzy Pa\u0144stwem a nami lub je\u015bli nie wymaga tego przepis prawa. Podmioty, kt\u00f3re mog\u0105 by\u0107 nam potrzebne do realizacji zam\u00f3wionych przez Pa\u0144stwa us\u0142ug to:<\/p>\n<ul>\n<li>Hostingodawcy i nasi dostawcy oprogramowania;<\/li>\n<li>Podmioty \u015bwiadcz\u0105ce us\u0142ugi p\u0142atnicze i us\u0142ugi dostawcze;<\/li>\n<li>Tw\u00f3j ubezpieczyciel zdrowotny.<\/li>\n<\/ul>\n<h2>Bezpiecze\u0144stwo<\/h2>\n<p>Traktujemy ochron\u0119 Pa\u0144stwa danych powa\u017cnie i podejmujemy odpowiednie \u015brodki, aby zapobiega\u0107 nadu\u017cyciom, utracie, nieuprawnionemu dost\u0119powi, niepo\u017c\u0105danemu ujawnieniu i nieuprawnionym zmianom. Je\u015bli maj\u0105 Pa\u0144stwo wra\u017cenie, \u017ce Pa\u0144stwa dane nie s\u0105 odpowiednio zabezpieczone lub istniej\u0105 przes\u0142anki wskazuj\u0105ce na nadu\u017cycie, prosimy o kontakt z nami.<\/p>\n<h2>Okres przechowywania<\/h2>\n<p>Pa\u0144stwa dane osobowe nie b\u0119d\u0105 przechowywane d\u0142u\u017cej, ni\u017c jest to konieczne do cel\u00f3w okre\u015blonych w niniejszej polityce prywatno\u015bci lub na stronie internetowej, z wyj\u0105tkiem przypadk\u00f3w, w kt\u00f3rych jakiekolwiek zobowi\u0105zanie prawne uniemo\u017cliwia usuni\u0119cie danych osobowych.<\/p>\n<h2>Strony internetowe os\u00f3b trzecich<\/h2>\n<p>Niniejsza polityka prywatno\u015bci nie ma zastosowania do stron internetowych os\u00f3b trzecich, kt\u00f3re s\u0105 po\u0142\u0105czone z niniejsz\u0105 stron\u0105 internetow\u0105 za pomoc\u0105 link\u00f3w. Nie mo\u017cemy zagwarantowa\u0107, \u017ce osoby trzecie b\u0119d\u0105 post\u0119powa\u0107 z danymi osobowymi u\u017cytkownik\u00f3w w spos\u00f3b rzetelny i bezpieczny. Dlatego zalecamy zapoznanie si\u0119 z polityk\u0105 prywatno\u015bci tych stron internetowych przed rozpocz\u0119ciem korzystania z nich.<\/p>\n<h2>Pliki cookie<\/h2>\n<p>Na tej stronie internetowej u\u017cywamy plik\u00f3w cookie. Plik cookie to ma\u0142y plik tekstowy, kt\u00f3ry jest zapisywany w przegl\u0105darce komputera, tabletu lub smartfona podczas pierwszej wizyty na tej stronie internetowej. Pliki te zapewniaj\u0105 prawid\u0142owe dzia\u0142anie strony internetowej i zapami\u0119tuj\u0105 na przyk\u0142ad preferowane ustawienia u\u017cytkownika.<\/p>\n<p>Te pliki cookie s\u0105 r\u00f3wnie\u017c wykorzystywane do zapewnienia prawid\u0142owego dzia\u0142ania strony internetowej i jej optymalizacji. Podczas pierwszej wizyty na naszej stronie internetowej poinformowali\u015bmy Ci\u0119 ju\u017c o tych plikach cookie i poprosili\u015bmy o zgod\u0119 na ich umieszczenie. Mo\u017cesz zrezygnowa\u0107 z plik\u00f3w cookie, ustawiaj\u0105c swoj\u0105 przegl\u0105dark\u0119 internetow\u0105 tak, aby nie zapisywa\u0142a ju\u017c plik\u00f3w cookie. Ponadto mo\u017cesz r\u00f3wnie\u017c usun\u0105\u0107 wszystkie informacje zapisane wcze\u015bniej za pomoc\u0105 ustawie\u0144 przegl\u0105darki.<\/p>\n<h3>Korzystanie z trwa\u0142ych plik\u00f3w cookie<\/h3>\n<p>Dzi\u0119ki sta\u0142ym plikom cookie mo\u017cemy rozpozna\u0107 Ci\u0119 podczas kolejnej wizyty na naszej stronie internetowej. Dzi\u0119ki temu strona internetowa mo\u017ce zosta\u0107 dostosowana do Twoich preferencji. Nawet je\u015bli wyrazi\u0142e\u015b zgod\u0119 na umieszczanie plik\u00f3w cookie, mo\u017cemy to zapami\u0119ta\u0107 za pomoc\u0105 pliku cookie. Dzi\u0119ki temu nie musisz ci\u0105gle powtarza\u0107 swoich preferencji, co pozwala zaoszcz\u0119dzi\u0107 czas i zapewnia wygodniejsze korzystanie z naszej strony internetowej. Sta\u0142e pliki cookie mo\u017cna usun\u0105\u0107 w ustawieniach przegl\u0105darki.<\/p>\n<h3>Korzystanie z plik\u00f3w cookie sesji<\/h3>\n<p>Za pomoc\u0105 plik\u00f3w cookie sesji mo\u017cemy sprawdzi\u0107, kt\u00f3re cz\u0119\u015bci strony internetowej przegl\u0105da\u0142e\u015b podczas tej wizyty. Dzi\u0119ki temu mo\u017cemy w jak najwi\u0119kszym stopniu dostosowa\u0107 nasze us\u0142ugi do zachowa\u0144 naszych u\u017cytkownik\u00f3w podczas przegl\u0105dania stron internetowych. Pliki te s\u0105 automatycznie usuwane po zamkni\u0119ciu przegl\u0105darki internetowej.<\/p>\n<h3>Wykorzystanie analitycznych plik\u00f3w cookie<\/h3>\n<p>Na naszej stronie internetowej gromadzimy dane statystyczne, ale zawsze w spos\u00f3b ca\u0142kowicie anonimowy lub pseudonimizowany. Nie gromadzimy danych statystycznych dotycz\u0105cych cz\u0119\u015bci strony internetowej, na kt\u00f3rej wymieniane s\u0105 dane dotycz\u0105ce zdrowia u\u017cytkownik\u00f3w. Do gromadzenia danych statystycznych mo\u017cemy wykorzystywa\u0107 poni\u017csze aplikacje.<\/p>\n<h4>Google Analytics<\/h4>\n<p>W przypadkach, w kt\u00f3rych aktywowali\u015bmy narz\u0119dzie Google Analytics, za po\u015brednictwem naszej strony internetowej umieszczane s\u0105 pliki cookie ameryka\u0144skiej firmy Google, jako cz\u0119\u015b\u0107 us\u0142ugi Analytics. Korzystamy z tej us\u0142ugi, aby \u015bledzi\u0107 i uzyskiwa\u0107 raporty dotycz\u0105ce sposobu korzystania ze strony internetowej przez odwiedzaj\u0105cych. Narz\u0119dzie to jest skonfigurowane w spos\u00f3b przyjazny dla prywatno\u015bci. Nie zezwolili\u015bmy Google na wykorzystywanie uzyskanych informacji analitycznych do innych us\u0142ug Google, pseudonimizujemy adresy IP i zawarli\u015bmy umow\u0119 o przetwarzaniu danych z Google.<\/p>\n<p>Informacje gromadzone przez Google s\u0105 przekazywane i przechowywane na serwerach w Stanach Zjednoczonych. Google zobowi\u0105zuje si\u0119 do przestrzegania zasad Privacy Shield i jest cz\u0142onkiem programu Privacy Shield ameryka\u0144skiego Ministerstwa Handlu. Oznacza to, \u017ce zapewniony jest odpowiedni poziom ochrony przetwarzanych danych osobowych.<\/p>\n<h4>Matomo Analytics (Piwik)<\/h4>\n<p>W przypadku aktywacji narz\u0119dzia Matomo Analytics, umieszczane s\u0105 pliki cookie (first party) w celu \u015bledzenia statystyk odwiedzin. Dzi\u0119ki temu mo\u017cemy analizowa\u0107 spos\u00f3b korzystania z naszej strony internetowej przez odwiedzaj\u0105cych (czas pozostawania na stronie, strona, z kt\u00f3rej nast\u0105pi\u0142o przekierowanie oraz liczba unikalnych odwiedzaj\u0105cych). Wszystkie dane pozostaj\u0105 na naszym serwerze i nigdy nie s\u0105 udost\u0119pniane innym podmiotom.<\/p>\n<h2>Zmiany w niniejszym o\u015bwiadczeniu o ochronie prywatno\u015bci i plikach cookie<\/h2>\n<p>Zastrzegamy sobie prawo do wprowadzania zmian w niniejszym o\u015bwiadczeniu. Zaleca si\u0119 regularne zapoznawanie si\u0119 z niniejszym o\u015bwiadczeniem, aby by\u0107 na bie\u017c\u0105co z wprowadzanymi zmianami.<\/p>\n<h2>Wgl\u0105d, zmiana i usuni\u0119cie danych<\/h2>\n<p>Masz prawo przegl\u0105da\u0107, poprawia\u0107 lub usuwa\u0107 swoje dane osobowe. Ponadto maj\u0105 Pa\u0144stwo prawo wycofa\u0107 swoj\u0105 zgod\u0119 na przetwarzanie danych lub sprzeciwi\u0107 si\u0119 przetwarzaniu swoich danych osobowych przez Helios Neo, a tak\u017ce maj\u0105 Pa\u0144stwo prawo do przenoszenia danych. Oznacza to, \u017ce mog\u0105 Pa\u0144stwo z\u0142o\u017cy\u0107 do nas wniosek o przes\u0142anie danych osobowych, kt\u00f3re posiadamy na Pa\u0144stwa temat, w pliku komputerowym do Pa\u0144stwa lub innej wskazanej przez Pa\u0144stwa organizacji. Wniosek o wgl\u0105d, poprawienie, usuni\u0119cie, przeniesienie danych osobowych lub wniosek o wycofanie zgody lub sprzeciw wobec przetwarzania danych osobowych mo\u017cna przes\u0142a\u0107 na poni\u017csze dane kontaktowe. Odpowiemy na Pa\u0144stwa wniosek tak szybko, jak to mo\u017cliwe. Prosimy o wyra\u017ane podanie swojej to\u017csamo\u015bci, aby\u015bmy mieli pewno\u015b\u0107, \u017ce nie zmienimy ani nie usuniemy danych niew\u0142a\u015bciwej osoby.<\/p>\n<h2>Urz\u0105d ds. Ochrony Danych Osobowych<\/h2>\n<p>Helios Neo pragnie r\u00f3wnie\u017c zwr\u00f3ci\u0107 uwag\u0119, \u017ce maj\u0105 Pa\u0144stwo mo\u017cliwo\u015b\u0107 z\u0142o\u017cenia skargi do organu nadzorczego w kraju, w kt\u00f3rym Pa\u0144stwo mieszkaj\u0105. W Holandii organ ten nosi nazw\u0119 Autoriteit Persoonsgegevens.<\/p>\n<h2>Pytania i opinie<\/h2>\n<p>Regularnie sprawdzamy, czy przestrzegamy niniejszej polityki prywatno\u015bci. W przypadku pyta\u0144 dotycz\u0105cych niniejszej polityki prywatno\u015bci prosimy o kontakt, korzystaj\u0105c z poni\u017cszych danych kontaktowych.<\/p>\n\t\t\t\t\t\t\t\t<\/div>\n\t\t\t\t<\/div>\n\t\t\t\t\t<\/div>\n\t\t\t\t<\/div>\n\t\t\t\t<\/div>","protected":false},"excerpt":{"rendered":"<p>Privacy- en cookieverklaring Websites Bij , hechten wij groot belang aan de privacy van de gebruikers van de website. Om uw privacy zo goed mogelijk te waarborgen, hanteren wij een aantal kernwaarden. Informeren:\u00a0Wij willen u zo goed mogelijk informeren hoe en waarom wij persoonsgegevens verwerken. Dat doen wij via deze privacyverklaring. Verzameling beperken:\u00a0Wij letten er [&hellip;]<\/p>\n","protected":false},"author":2,"featured_media":0,"parent":0,"menu_order":0,"comment_status":"closed","ping_status":"closed","template":"elementor_header_footer","meta":{"_jf_save_progress":"","footnotes":""},"class_list":["post-3","page","type-page","status-publish","hentry"],"_links":{"self":[{"href":"https:\/\/heliosneo.nl\/pl\/wp-json\/wp\/v2\/pages\/3","targetHints":{"allow":["GET"]}}],"collection":[{"href":"https:\/\/heliosneo.nl\/pl\/wp-json\/wp\/v2\/pages"}],"about":[{"href":"https:\/\/heliosneo.nl\/pl\/wp-json\/wp\/v2\/types\/page"}],"author":[{"embeddable":true,"href":"https:\/\/heliosneo.nl\/pl\/wp-json\/wp\/v2\/users\/2"}],"replies":[{"embeddable":true,"href":"https:\/\/heliosneo.nl\/pl\/wp-json\/wp\/v2\/comments?post=3"}],"version-history":[{"count":5,"href":"https:\/\/heliosneo.nl\/pl\/wp-json\/wp\/v2\/pages\/3\/revisions"}],"predecessor-version":[{"id":1611,"href":"https:\/\/heliosneo.nl\/pl\/wp-json\/wp\/v2\/pages\/3\/revisions\/1611"}],"wp:attachment":[{"href":"https:\/\/heliosneo.nl\/pl\/wp-json\/wp\/v2\/media?parent=3"}],"curies":[{"name":"wp","href":"https:\/\/api.w.org\/{rel}","templated":true}]}}